{"id":66,"date":"2023-05-03T20:38:46","date_gmt":"2023-05-03T20:38:46","guid":{"rendered":"http:\/\/techworld-peru.com\/?page_id=66"},"modified":"2023-09-22T18:23:46","modified_gmt":"2023-09-22T18:23:46","slug":"66-2","status":"publish","type":"page","link":"https:\/\/techworld-peru.com\/","title":{"rendered":"Pagina de Inicio"},"content":{"rendered":"\n<div class=\"wp-block-cover alignfull\" id=\"bienvenidos\"><span aria-hidden=\"true\" class=\"wp-block-cover__background has-foreground-dark-background-color has-background-dim-70 has-background-dim\"><\/span><img decoding=\"async\" loading=\"lazy\" width=\"2560\" height=\"1707\" class=\"wp-block-cover__image-background wp-image-118\" alt=\"Bienvenido\" src=\"http:\/\/techworld-peru.com\/wp-content\/uploads\/2023\/05\/welcome-3-scaled.jpg\" data-object-fit=\"cover\" srcset=\"https:\/\/techworld-peru.com\/wp-content\/uploads\/2023\/05\/welcome-3-scaled.jpg 2560w, https:\/\/techworld-peru.com\/wp-content\/uploads\/2023\/05\/welcome-3-300x200.jpg 300w, https:\/\/techworld-peru.com\/wp-content\/uploads\/2023\/05\/welcome-3-1024x683.jpg 1024w, https:\/\/techworld-peru.com\/wp-content\/uploads\/2023\/05\/welcome-3-768x512.jpg 768w, https:\/\/techworld-peru.com\/wp-content\/uploads\/2023\/05\/welcome-3-1536x1024.jpg 1536w, https:\/\/techworld-peru.com\/wp-content\/uploads\/2023\/05\/welcome-3-2048x1365.jpg 2048w, https:\/\/techworld-peru.com\/wp-content\/uploads\/2023\/05\/welcome-3-1568x1045.jpg 1568w\" sizes=\"(max-width: 2560px) 100vw, 2560px\" \/><div class=\"wp-block-cover__inner-container\">\n<div style=\"height:128px\" aria-hidden=\"true\" class=\"wp-block-spacer\"><\/div>\n\n\n\n<h1 class=\"wp-block-heading has-text-align-center\">\u00a1Bienvenidos!<\/h1>\n\n\n\n<p class=\"has-text-align-center\">Somos <strong>Technology World Solutions<\/strong>, una empresa que presta servicios en el area de tecnologia de Informaci\u00f3n y Comunicaci\u00f3n (TIC), dedicada a ofrecer servicios y soluciones de Programaci\u00f3n, Mantenimiento y Consultor\u00eda en diversos \u00e1mbitos de inform\u00e1tica, comunicaciones e industrial.<\/p>\n\n\n\n<div style=\"height:128px\" aria-hidden=\"true\" class=\"wp-block-spacer\"><\/div>\n<\/div><\/div>\n\n\n\n<div class=\"wp-block-cover alignfull is-light has-custom-content-position is-position-top-center\" style=\"min-height:342px\"><span aria-hidden=\"true\" class=\"wp-block-cover__background has-background-dim-100 has-background-dim\" style=\"background-color:#f5f6f7\"><\/span><div class=\"wp-block-cover__inner-container\">\n<div style=\"height:25px\" aria-hidden=\"true\" class=\"wp-block-spacer\"><\/div>\n\n\n\n<h2 class=\"wp-block-heading has-text-align-center has-foreground-color has-text-color has-large-font-size\" style=\"font-style:normal;font-weight:400\">DESDE EL 2004&nbsp;Y UBICADA EN LIMA &#8211; PER\u00da<\/h2>\n\n\n\n<p class=\"has-text-align-center\"><strong>TECHWORLD PERU<\/strong> desarrolla y ofrece servicios puntuales de consultor\u00eda que permitan modelos de negocio de tecnolog\u00eda y arquitectura de procesos de Informaci\u00f3n a este fin principal.<\/p>\n\n\n\n<div class=\"wp-block-buttons has-custom-font-size popUpSeeMore has-normal-font-size is-content-justification-center is-layout-flex wp-container-1\">\n<div class=\"wp-block-button\"><a class=\"wp-block-button__link has-text-align-center wp-element-button\" rel=\"\">Ver m\u00e1s<\/a><\/div>\n<\/div>\n\n\n\n<div style=\"height:21px\" aria-hidden=\"true\" id=\"nosotros\" class=\"wp-block-spacer\"><\/div>\n<\/div><\/div>\n\n\n\n<div class=\"wp-block-cover alignfull has-parallax\"><span aria-hidden=\"true\" class=\"wp-block-cover__background has-foreground-dark-background-color has-background-dim-70 has-background-dim\"><\/span><div role=\"img\" class=\"wp-block-cover__image-background wp-image-160 has-parallax\" style=\"background-position:50% 50%;background-image:url(http:\/\/techworld-peru.com\/wp-content\/uploads\/2023\/05\/nosotros-scaled.jpg)\"><\/div><div class=\"wp-block-cover__inner-container\">\n<div style=\"height:120px\" aria-hidden=\"true\" class=\"wp-block-spacer\"><\/div>\n\n\n\n<div class=\"wp-block-columns alignwide is-layout-flex wp-container-4\">\n<div class=\"wp-block-column is-layout-flow\" style=\"flex-basis:33.33%\">\n<p class=\"has-text-align-left margin-bottom-half\">Sobre nuestra<\/p>\n\n\n\n<h2 class=\"wp-block-heading has-text-align-left margin-top-half\">Identidad<\/h2>\n<\/div>\n\n\n\n<div class=\"wp-block-column is-layout-flow\" style=\"flex-basis:66.66%\">\n<p class=\"has-text-align-left\">Como su socio tecnol\u00f3gico lo guiaremos a obtener la plataforma ideal para sus necesidades integrando Hardware y Software con aplicaciones certificadas a fin de mejorar y reducir sus costos operativos e incrementar su productividad y metas en sus negocios. <\/p>\n\n\n\n<p>TECHWORLD PERU,&nbsp;cuenta con personal profesional altamente calificado y comprometido con el cumplimiento del logro del objetivo y metas trazadas para la satisfacci\u00f3n de nuestros clientes.<\/p>\n<\/div>\n<\/div>\n\n\n\n<div style=\"height:120px\" aria-hidden=\"true\" class=\"wp-block-spacer\"><\/div>\n<\/div><\/div>\n\n\n\n<div class=\"wp-block-cover alignfull\" style=\"min-height:374px\" id=\"servicios\"><span aria-hidden=\"true\" class=\"wp-block-cover__background has-foreground-dark-background-color has-background-dim-70 has-background-dim\"><\/span><img decoding=\"async\" loading=\"lazy\" width=\"2560\" height=\"1707\" class=\"wp-block-cover__image-background wp-image-186\" alt=\"servicios\" src=\"http:\/\/techworld-peru.com\/wp-content\/uploads\/2023\/05\/servicios-3-scaled.jpg\" data-object-fit=\"cover\" srcset=\"https:\/\/techworld-peru.com\/wp-content\/uploads\/2023\/05\/servicios-3-scaled.jpg 2560w, https:\/\/techworld-peru.com\/wp-content\/uploads\/2023\/05\/servicios-3-300x200.jpg 300w, https:\/\/techworld-peru.com\/wp-content\/uploads\/2023\/05\/servicios-3-1024x683.jpg 1024w, https:\/\/techworld-peru.com\/wp-content\/uploads\/2023\/05\/servicios-3-768x512.jpg 768w, https:\/\/techworld-peru.com\/wp-content\/uploads\/2023\/05\/servicios-3-1536x1024.jpg 1536w, https:\/\/techworld-peru.com\/wp-content\/uploads\/2023\/05\/servicios-3-2048x1365.jpg 2048w, https:\/\/techworld-peru.com\/wp-content\/uploads\/2023\/05\/servicios-3-1568x1045.jpg 1568w\" sizes=\"(max-width: 2560px) 100vw, 2560px\" \/><div class=\"wp-block-cover__inner-container\">\n<div style=\"height:127px\" aria-hidden=\"true\" id=\"servicios\" class=\"wp-block-spacer\"><\/div>\n\n\n\n<h2 class=\"wp-block-heading has-text-align-center\">Servicios Integrales<\/h2>\n\n\n\n<div style=\"height:20px\" aria-hidden=\"true\" class=\"wp-block-spacer\"><\/div>\n\n\n\n<div class=\"wp-block-columns alignwide is-layout-flex wp-container-10\">\n<div class=\"wp-block-column elCursorPointer showITPopUp is-layout-flow\"><div class=\"wp-block-image\">\n<figure class=\"wp-duotone-ffffff-ffffff-5 aligncenter size-thumbnail\"><img decoding=\"async\" loading=\"lazy\" width=\"150\" height=\"150\" src=\"http:\/\/techworld-peru.com\/wp-content\/uploads\/2023\/05\/programming-150x150.png\" alt=\"programming\" class=\"wp-image-170\" srcset=\"https:\/\/techworld-peru.com\/wp-content\/uploads\/2023\/05\/programming-150x150.png 150w, https:\/\/techworld-peru.com\/wp-content\/uploads\/2023\/05\/programming-300x300.png 300w, https:\/\/techworld-peru.com\/wp-content\/uploads\/2023\/05\/programming.png 512w\" sizes=\"(max-width: 150px) 100vw, 150px\" \/><\/figure><\/div>\n\n\n<h4 class=\"wp-block-heading has-text-align-center\">Tecnolog\u00edas de Informaci\u00f3n<\/h4>\n<\/div>\n\n\n\n<div class=\"wp-block-column is-layout-flow\"><\/div>\n\n\n\n<div class=\"wp-block-column elCursorPointer showCloudComputingPopUp is-layout-flow\"><div class=\"wp-block-image\">\n<figure class=\"wp-duotone-ffffff-ffffff-8 aligncenter size-thumbnail\"><img decoding=\"async\" loading=\"lazy\" width=\"150\" height=\"150\" src=\"http:\/\/techworld-peru.com\/wp-content\/uploads\/2023\/05\/data-science-150x150.png\" alt=\"\" class=\"wp-image-171\" srcset=\"https:\/\/techworld-peru.com\/wp-content\/uploads\/2023\/05\/data-science-150x150.png 150w, https:\/\/techworld-peru.com\/wp-content\/uploads\/2023\/05\/data-science-300x300.png 300w, https:\/\/techworld-peru.com\/wp-content\/uploads\/2023\/05\/data-science.png 512w\" sizes=\"(max-width: 150px) 100vw, 150px\" \/><\/figure><\/div>\n\n\n<h4 class=\"wp-block-heading has-text-align-center\">Tecnolog\u00edas en Cloud Computing<\/h4>\n<\/div>\n<\/div>\n\n\n\n<div style=\"height:125px\" aria-hidden=\"true\" class=\"wp-block-spacer\"><\/div>\n<\/div><\/div>\n\n\n\n<div class=\"wp-block-cover alignfull\" id=\"clientes\"><span aria-hidden=\"true\" class=\"wp-block-cover__background has-foreground-dark-background-color has-background-dim-70 has-background-dim\"><\/span><img decoding=\"async\" loading=\"lazy\" width=\"2560\" height=\"1440\" class=\"wp-block-cover__image-background wp-image-251\" alt=\"\" src=\"http:\/\/techworld-peru.com\/wp-content\/uploads\/2023\/05\/ashkan-forouzani-vlPweKlWOmg-unsplash-scaled.jpg\" data-object-fit=\"cover\" srcset=\"https:\/\/techworld-peru.com\/wp-content\/uploads\/2023\/05\/ashkan-forouzani-vlPweKlWOmg-unsplash-scaled.jpg 2560w, https:\/\/techworld-peru.com\/wp-content\/uploads\/2023\/05\/ashkan-forouzani-vlPweKlWOmg-unsplash-300x169.jpg 300w, https:\/\/techworld-peru.com\/wp-content\/uploads\/2023\/05\/ashkan-forouzani-vlPweKlWOmg-unsplash-1024x576.jpg 1024w, https:\/\/techworld-peru.com\/wp-content\/uploads\/2023\/05\/ashkan-forouzani-vlPweKlWOmg-unsplash-768x432.jpg 768w, https:\/\/techworld-peru.com\/wp-content\/uploads\/2023\/05\/ashkan-forouzani-vlPweKlWOmg-unsplash-1536x864.jpg 1536w, https:\/\/techworld-peru.com\/wp-content\/uploads\/2023\/05\/ashkan-forouzani-vlPweKlWOmg-unsplash-2048x1152.jpg 2048w, https:\/\/techworld-peru.com\/wp-content\/uploads\/2023\/05\/ashkan-forouzani-vlPweKlWOmg-unsplash-1568x882.jpg 1568w\" sizes=\"(max-width: 2560px) 100vw, 2560px\" \/><div class=\"wp-block-cover__inner-container\">\n<div style=\"height:96px\" aria-hidden=\"true\" class=\"wp-block-spacer\"><\/div>\n\n\n\n<p class=\"has-text-align-center has-small-font-size margin-bottom-half\">Testimonios de<\/p>\n\n\n\n<h2 class=\"wp-block-heading has-text-align-center margin-top-half\">Nuestros Clientes<\/h2>\n\n\n\n<div style=\"height:20px\" aria-hidden=\"true\" class=\"wp-block-spacer\"><\/div>\n\n\n\n<div class=\"wp-block-columns alignwide is-layout-flex wp-container-13\">\n<div class=\"wp-block-column is-layout-flow\">\n<blockquote class=\"wp-block-quote\">\n<p>Gracias a la generosidad de esta organizaci\u00f3n, puedo seguir teniendo oportunidades educativas en esta zona tan dif\u00edcil.<\/p>\n<cite>Jane Doe<\/cite><\/blockquote>\n<\/div>\n\n\n\n<div class=\"wp-block-column is-layout-flow\">\n<blockquote class=\"wp-block-quote\">\n<p>Hacen un trabajo fant\u00e1stico con los ni\u00f1os que m\u00e1s nos necesitan y con gente de distintos lugares del planeta. Sin duda alguna participar\u00e9 como voluntario.<\/p>\n<cite>John Doe<\/cite><\/blockquote>\n<\/div>\n<\/div>\n\n\n\n<div style=\"height:96px\" aria-hidden=\"true\" class=\"wp-block-spacer\"><\/div>\n<\/div><\/div>\n\n\n\n<div class=\"wp-block-group alignfull has-background has-small-font-size is-content-justification-space-between is-nowrap is-layout-flex wp-container-22\" style=\"background-color:#f5f6f7;padding-top:0;padding-right:0;padding-bottom:0;padding-left:0\">\n<div style=\"height:16px\" aria-hidden=\"true\" class=\"wp-block-spacer\"><\/div>\n\n\n\n<div class=\"wp-block-columns alignfull are-vertically-aligned-center has-text-color has-background has-small-font-size is-layout-flex wp-container-21\" style=\"color:#000000;background-color:#f5f6f7\">\n<div class=\"wp-block-column is-vertically-aligned-center has-small-font-size is-layout-flow\"><div class=\"wp-block-image is-style-default\">\n<figure class=\"aligncenter size-full is-resized\"><img decoding=\"async\" loading=\"lazy\" src=\"http:\/\/techworld-peru.com\/wp-content\/uploads\/2023\/05\/dbricks-edited-e1683304812505.png\" alt=\"\" class=\"wp-image-305\" width=\"200\" height=\"100\"\/><\/figure><\/div><\/div>\n\n\n\n<div class=\"wp-block-column is-vertically-aligned-center is-layout-flow\"><div class=\"wp-block-image\">\n<figure class=\"wp-duotone-unset-15 aligncenter size-full is-resized\"><img decoding=\"async\" loading=\"lazy\" src=\"http:\/\/techworld-peru.com\/wp-content\/uploads\/2023\/05\/client2-removebg-preview-edited-2-e1683304701225.png\" alt=\"\" class=\"wp-image-304\" width=\"200\" height=\"100\"\/><\/figure><\/div><\/div>\n\n\n\n<div class=\"wp-block-column is-vertically-aligned-center is-layout-flow\"><div class=\"wp-block-image\">\n<figure class=\"aligncenter size-full is-resized\"><img decoding=\"async\" loading=\"lazy\" src=\"http:\/\/techworld-peru.com\/wp-content\/uploads\/2023\/05\/client3-removebg-preview-edited-1-e1683304681635.png\" alt=\"\" class=\"wp-image-306\" width=\"200\" height=\"100\"\/><\/figure><\/div><\/div>\n\n\n\n<div class=\"wp-block-column is-vertically-aligned-center is-layout-flow\"><div class=\"wp-block-image is-style-default\">\n<figure class=\"wp-duotone-rgb255255255-rgb000-18 aligncenter size-full is-resized\"><img decoding=\"async\" loading=\"lazy\" src=\"http:\/\/techworld-peru.com\/wp-content\/uploads\/2023\/05\/grupo-el-comercio-blanco-1.png\" alt=\"\" class=\"wp-image-235\" width=\"200\" height=\"100\"\/><\/figure><\/div><\/div>\n\n\n\n<div class=\"wp-block-column is-vertically-aligned-center is-layout-flow\"><div class=\"wp-block-image\">\n<figure class=\"aligncenter size-full is-resized\"><img decoding=\"async\" loading=\"lazy\" src=\"http:\/\/techworld-peru.com\/wp-content\/uploads\/2023\/05\/USMP.png\" alt=\"\" class=\"wp-image-234\" width=\"200\" height=\"100\"\/><\/figure><\/div><\/div>\n<\/div>\n\n\n\n<div style=\"height:16px\" aria-hidden=\"true\" class=\"wp-block-spacer\"><\/div>\n<\/div>\n\n\n\n<div class=\"wp-block-cover alignfull\" id=\"contactanos\"><span aria-hidden=\"true\" class=\"wp-block-cover__background has-foreground-dark-background-color has-background-dim-70 has-background-dim\"><\/span><img decoding=\"async\" loading=\"lazy\" width=\"2068\" height=\"1384\" class=\"wp-block-cover__image-background wp-image-266\" alt=\"\" src=\"http:\/\/techworld-peru.com\/wp-content\/uploads\/2023\/05\/san-isidro.jpg\" style=\"object-position:46% 48%\" data-object-fit=\"cover\" data-object-position=\"46% 48%\" srcset=\"https:\/\/techworld-peru.com\/wp-content\/uploads\/2023\/05\/san-isidro.jpg 2068w, https:\/\/techworld-peru.com\/wp-content\/uploads\/2023\/05\/san-isidro-300x201.jpg 300w, https:\/\/techworld-peru.com\/wp-content\/uploads\/2023\/05\/san-isidro-1024x685.jpg 1024w, https:\/\/techworld-peru.com\/wp-content\/uploads\/2023\/05\/san-isidro-768x514.jpg 768w, https:\/\/techworld-peru.com\/wp-content\/uploads\/2023\/05\/san-isidro-1536x1028.jpg 1536w, https:\/\/techworld-peru.com\/wp-content\/uploads\/2023\/05\/san-isidro-2048x1371.jpg 2048w, https:\/\/techworld-peru.com\/wp-content\/uploads\/2023\/05\/san-isidro-1568x1049.jpg 1568w\" sizes=\"(max-width: 2068px) 100vw, 2068px\" \/><div class=\"wp-block-cover__inner-container\">\n<div style=\"height:96px\" aria-hidden=\"true\" id=\"contacto\" class=\"wp-block-spacer\"><\/div>\n\n\n\n<h2 class=\"wp-block-heading has-text-align-center\">\u00bfTienes alguna pregunta?<\/h2>\n\n\n\n<div class=\"wp-block-columns alignfull is-layout-flex wp-container-29\">\n<div class=\"wp-block-column is-vertically-aligned-top is-layout-flow\"><div class=\"wp-block-image\">\n<figure class=\"wp-duotone-rgb255255255-rgb255255255-23 aligncenter size-full\"><img decoding=\"async\" loading=\"lazy\" width=\"96\" height=\"96\" src=\"http:\/\/techworld-peru.com\/wp-content\/uploads\/2023\/05\/icons8-phone-96-1.png\" alt=\"\" class=\"wp-image-260\"\/><\/figure><\/div>\n\n\n<h4 class=\"wp-block-heading has-text-align-center\">Tel\u00e9fonos<\/h4>\n\n\n\n<p class=\"has-text-align-center\">Peru: +(511) 977 184 971<br>+(511) 954 775 862<br>EE.UU.: 973 689 4476<\/p>\n<\/div>\n\n\n\n<div class=\"wp-block-column is-layout-flow\"><div class=\"wp-block-image\">\n<figure class=\"wp-duotone-ffffff-ffffff-25 aligncenter size-full\"><img decoding=\"async\" loading=\"lazy\" width=\"96\" height=\"96\" src=\"http:\/\/techworld-peru.com\/wp-content\/uploads\/2023\/05\/icons8-location-96.png\" alt=\"\" class=\"wp-image-257\"\/><\/figure><\/div>\n\n\n<h4 class=\"wp-block-heading has-text-align-center\">Direcci\u00f3n<\/h4>\n\n\n\n<p class=\"has-text-align-center\">Urb. San Antonio Mz M Lt 2 \u2013 Lima 15 &#8211; Lima, Per\u00fa<\/p>\n<\/div>\n\n\n\n<div class=\"wp-block-column is-layout-flow\"><div class=\"wp-block-image\">\n<figure class=\"wp-duotone-ffffff-ffffff-27 aligncenter size-full\"><img decoding=\"async\" loading=\"lazy\" width=\"96\" height=\"96\" src=\"http:\/\/techworld-peru.com\/wp-content\/uploads\/2023\/05\/icons8-email-96.png\" alt=\"\" class=\"wp-image-256\"\/><\/figure><\/div>\n\n\n<h4 class=\"wp-block-heading has-text-align-center\">Email<\/h4>\n\n\n\n<p class=\"has-text-align-center\">consultas@techworld-peru.com<br>soporte@techworld-peru.com<\/p>\n<\/div>\n<\/div>\n\n\n\n<div class=\"wp-block-button aligncenter is-style-outline ContactPopup\"><a class=\"wp-block-button__link has-background-color has-text-color has-text-align-center wp-element-button\">Cont\u00e1ctanos<\/a><\/div>\n\n\n\n<div style=\"height:96px\" aria-hidden=\"true\" class=\"wp-block-spacer\"><\/div>\n<\/div><\/div>\n\n\n\n<div class=\"wp-block-cover alignfull\" style=\"min-height:221px\"><span aria-hidden=\"true\" class=\"wp-block-cover__background has-background-dim-100 has-background-dim\" style=\"background-color:#04253b\"><\/span><div class=\"wp-block-cover__inner-container\">\n<p class=\"has-text-align-center has-normal-font-size\">Horarios&nbsp;de Atenci\u00f3n<\/p>\n\n\n\n<p class=\"has-text-align-center has-normal-font-size\">Lunes &#8211; Viernes: 8.00 am &#8211; 6.00 pm<\/p>\n\n\n\n<p class=\"has-text-align-center has-normal-font-size\">S\u00e1bados: 8.00 am &#8211; 2.00 pm<\/p>\n\n\n\n<ul class=\"wp-block-social-links is-content-justification-center is-layout-flex wp-container-30\"><li class=\"wp-social-link wp-social-link-facebook wp-block-social-link\"><a href=\"https:\/\/www.facebook.com\/TechnologyWorldPeru\" class=\"wp-block-social-link-anchor\"><svg width=\"24\" height=\"24\" viewBox=\"0 0 24 24\" version=\"1.1\" xmlns=\"http:\/\/www.w3.org\/2000\/svg\" aria-hidden=\"true\" focusable=\"false\"><path d=\"M12 2C6.5 2 2 6.5 2 12c0 5 3.7 9.1 8.4 9.9v-7H7.9V12h2.5V9.8c0-2.5 1.5-3.9 3.8-3.9 1.1 0 2.2.2 2.2.2v2.5h-1.3c-1.2 0-1.6.8-1.6 1.6V12h2.8l-.4 2.9h-2.3v7C18.3 21.1 22 17 22 12c0-5.5-4.5-10-10-10z\"><\/path><\/svg><span class=\"wp-block-social-link-label screen-reader-text\">Facebook<\/span><\/a><\/li>\n\n<li class=\"wp-social-link wp-social-link-twitter wp-block-social-link\"><a href=\"https:\/\/twitter.com\/TechworldPeru\" class=\"wp-block-social-link-anchor\"><svg width=\"24\" height=\"24\" viewBox=\"0 0 24 24\" version=\"1.1\" xmlns=\"http:\/\/www.w3.org\/2000\/svg\" aria-hidden=\"true\" focusable=\"false\"><path d=\"M22.23,5.924c-0.736,0.326-1.527,0.547-2.357,0.646c0.847-0.508,1.498-1.312,1.804-2.27 c-0.793,0.47-1.671,0.812-2.606,0.996C18.324,4.498,17.257,4,16.077,4c-2.266,0-4.103,1.837-4.103,4.103 c0,0.322,0.036,0.635,0.106,0.935C8.67,8.867,5.647,7.234,3.623,4.751C3.27,5.357,3.067,6.062,3.067,6.814 c0,1.424,0.724,2.679,1.825,3.415c-0.673-0.021-1.305-0.206-1.859-0.513c0,0.017,0,0.034,0,0.052c0,1.988,1.414,3.647,3.292,4.023 c-0.344,0.094-0.707,0.144-1.081,0.144c-0.264,0-0.521-0.026-0.772-0.074c0.522,1.63,2.038,2.816,3.833,2.85 c-1.404,1.1-3.174,1.756-5.096,1.756c-0.331,0-0.658-0.019-0.979-0.057c1.816,1.164,3.973,1.843,6.29,1.843 c7.547,0,11.675-6.252,11.675-11.675c0-0.178-0.004-0.355-0.012-0.531C20.985,7.47,21.68,6.747,22.23,5.924z\"><\/path><\/svg><span class=\"wp-block-social-link-label screen-reader-text\">Twitter<\/span><\/a><\/li><\/ul>\n<\/div><\/div>\n","protected":false},"excerpt":{"rendered":"","protected":false},"author":1,"featured_media":0,"parent":0,"menu_order":0,"comment_status":"closed","ping_status":"closed","template":"","meta":{"_joinchat":[]},"_links":{"self":[{"href":"https:\/\/techworld-peru.com\/index.php?rest_route=\/wp\/v2\/pages\/66"}],"collection":[{"href":"https:\/\/techworld-peru.com\/index.php?rest_route=\/wp\/v2\/pages"}],"about":[{"href":"https:\/\/techworld-peru.com\/index.php?rest_route=\/wp\/v2\/types\/page"}],"author":[{"embeddable":true,"href":"https:\/\/techworld-peru.com\/index.php?rest_route=\/wp\/v2\/users\/1"}],"replies":[{"embeddable":true,"href":"https:\/\/techworld-peru.com\/index.php?rest_route=%2Fwp%2Fv2%2Fcomments&post=66"}],"version-history":[{"count":109,"href":"https:\/\/techworld-peru.com\/index.php?rest_route=\/wp\/v2\/pages\/66\/revisions"}],"predecessor-version":[{"id":382,"href":"https:\/\/techworld-peru.com\/index.php?rest_route=\/wp\/v2\/pages\/66\/revisions\/382"}],"wp:attachment":[{"href":"https:\/\/techworld-peru.com\/index.php?rest_route=%2Fwp%2Fv2%2Fmedia&parent=66"}],"curies":[{"name":"wp","href":"https:\/\/api.w.org\/{rel}","templated":true}]}}